{"id":432,"date":"2022-05-18T15:07:36","date_gmt":"2022-05-18T13:07:36","guid":{"rendered":"https:\/\/informatycydouslug.pl\/?page_id=432"},"modified":"2022-06-13T14:09:46","modified_gmt":"2022-06-13T12:09:46","slug":"cybersecurity","status":"publish","type":"page","link":"https:\/\/informatycydouslug.pl\/index.php\/cybersecurity\/","title":{"rendered":"Bezpiecze\u0144stwo IT"},"content":{"rendered":"\t\t<div data-elementor-type=\"wp-page\" data-elementor-id=\"432\" class=\"elementor elementor-432\">\n\t\t\t\t\t\t\t\t\t<section class=\"elementor-section elementor-top-section elementor-element elementor-element-995c984 elementor-section-boxed elementor-section-height-default elementor-section-height-default\" data-id=\"995c984\" data-element_type=\"section\" data-settings=\"{&quot;background_background&quot;:&quot;classic&quot;}\">\n\t\t\t\t\t\t\t<div class=\"elementor-background-overlay\"><\/div>\n\t\t\t\t\t\t\t<div class=\"elementor-container elementor-column-gap-default\">\n\t\t\t\t\t<div class=\"elementor-column elementor-col-50 elementor-top-column elementor-element elementor-element-49e0ef8\" data-id=\"49e0ef8\" data-element_type=\"column\">\n\t\t\t<div class=\"elementor-widget-wrap elementor-element-populated\">\n\t\t\t\t\t\t\t\t<div class=\"elementor-element elementor-element-5b9631a elementor-invisible elementor-widget elementor-widget-heading\" data-id=\"5b9631a\" data-element_type=\"widget\" data-settings=\"{&quot;_animation&quot;:&quot;fadeIn&quot;}\" data-widget_type=\"heading.default\">\n\t\t\t\t<div class=\"elementor-widget-container\">\n\t\t\t<style>\/*! elementor - v3.11.1 - 15-02-2023 *\/\n.elementor-heading-title{padding:0;margin:0;line-height:1}.elementor-widget-heading .elementor-heading-title[class*=elementor-size-]>a{color:inherit;font-size:inherit;line-height:inherit}.elementor-widget-heading .elementor-heading-title.elementor-size-small{font-size:15px}.elementor-widget-heading .elementor-heading-title.elementor-size-medium{font-size:19px}.elementor-widget-heading .elementor-heading-title.elementor-size-large{font-size:29px}.elementor-widget-heading .elementor-heading-title.elementor-size-xl{font-size:39px}.elementor-widget-heading .elementor-heading-title.elementor-size-xxl{font-size:59px}<\/style><h1 class=\"elementor-heading-title elementor-size-default\">Bezpiecze\u0144stwo IT<\/h1>\t\t<\/div>\n\t\t\t\t<\/div>\n\t\t\t\t<div class=\"elementor-element elementor-element-250b8bc elementor-widget elementor-widget-text-editor\" data-id=\"250b8bc\" data-element_type=\"widget\" data-widget_type=\"text-editor.default\">\n\t\t\t\t<div class=\"elementor-widget-container\">\n\t\t\t<style>\/*! elementor - v3.11.1 - 15-02-2023 *\/\n.elementor-widget-text-editor.elementor-drop-cap-view-stacked .elementor-drop-cap{background-color:#818a91;color:#fff}.elementor-widget-text-editor.elementor-drop-cap-view-framed .elementor-drop-cap{color:#818a91;border:3px solid;background-color:transparent}.elementor-widget-text-editor:not(.elementor-drop-cap-view-default) .elementor-drop-cap{margin-top:8px}.elementor-widget-text-editor:not(.elementor-drop-cap-view-default) .elementor-drop-cap-letter{width:1em;height:1em}.elementor-widget-text-editor .elementor-drop-cap{float:left;text-align:center;line-height:1;font-size:50px}.elementor-widget-text-editor .elementor-drop-cap-letter{display:inline-block}<\/style>\t\t\t\t<p>Wdra\u017camy, monitorujemy i skutecznie chronimy kluczowe dane firmy oraz pracownik\u00f3w<\/p>\t\t\t\t\t\t<\/div>\n\t\t\t\t<\/div>\n\t\t\t\t\t<\/div>\n\t\t<\/div>\n\t\t\t\t<div class=\"elementor-column elementor-col-50 elementor-top-column elementor-element elementor-element-8da6390 elementor-hidden-mobile\" data-id=\"8da6390\" data-element_type=\"column\">\n\t\t\t<div class=\"elementor-widget-wrap elementor-element-populated\">\n\t\t\t\t\t\t\t\t<div class=\"elementor-element elementor-element-48a2890 elementor-widget__width-inherit elementor-widget elementor-widget-image\" data-id=\"48a2890\" data-element_type=\"widget\" data-widget_type=\"image.default\">\n\t\t\t\t<div class=\"elementor-widget-container\">\n\t\t\t<style>\/*! elementor - v3.11.1 - 15-02-2023 *\/\n.elementor-widget-image{text-align:center}.elementor-widget-image a{display:inline-block}.elementor-widget-image a img[src$=\".svg\"]{width:48px}.elementor-widget-image img{vertical-align:middle;display:inline-block}<\/style>\t\t\t\t\t\t\t\t\t\t\t\t<img loading=\"lazy\" decoding=\"async\" width=\"2818\" height=\"2801\" src=\"https:\/\/informatycydouslug.pl\/wp-content\/uploads\/2022\/05\/bezpieczenstwo-it.png\" class=\"attachment-full size-full wp-image-3292\" alt=\"\" srcset=\"https:\/\/informatycydouslug.pl\/wp-content\/uploads\/2022\/05\/bezpieczenstwo-it.png 2818w, https:\/\/informatycydouslug.pl\/wp-content\/uploads\/2022\/05\/bezpieczenstwo-it-300x298.png 300w, https:\/\/informatycydouslug.pl\/wp-content\/uploads\/2022\/05\/bezpieczenstwo-it-1024x1018.png 1024w, https:\/\/informatycydouslug.pl\/wp-content\/uploads\/2022\/05\/bezpieczenstwo-it-150x150.png 150w, https:\/\/informatycydouslug.pl\/wp-content\/uploads\/2022\/05\/bezpieczenstwo-it-768x763.png 768w, https:\/\/informatycydouslug.pl\/wp-content\/uploads\/2022\/05\/bezpieczenstwo-it-1536x1527.png 1536w, https:\/\/informatycydouslug.pl\/wp-content\/uploads\/2022\/05\/bezpieczenstwo-it-2048x2036.png 2048w\" sizes=\"auto, (max-width: 2818px) 100vw, 2818px\" \/>\t\t\t\t\t\t\t\t\t\t\t\t\t\t\t<\/div>\n\t\t\t\t<\/div>\n\t\t\t\t\t<\/div>\n\t\t<\/div>\n\t\t\t\t\t\t\t<\/div>\n\t\t<\/section>\n\t\t\t\t<section class=\"elementor-section elementor-top-section elementor-element elementor-element-f164edb elementor-section-boxed elementor-section-height-default elementor-section-height-default\" data-id=\"f164edb\" data-element_type=\"section\" data-settings=\"{&quot;background_background&quot;:&quot;classic&quot;}\">\n\t\t\t\t\t\t\t<div class=\"elementor-background-overlay\"><\/div>\n\t\t\t\t\t\t\t<div class=\"elementor-container elementor-column-gap-default\">\n\t\t\t\t\t<div class=\"elementor-column elementor-col-100 elementor-top-column elementor-element elementor-element-4266674\" data-id=\"4266674\" data-element_type=\"column\">\n\t\t\t<div class=\"elementor-widget-wrap elementor-element-populated\">\n\t\t\t\t\t\t\t\t<div class=\"elementor-element elementor-element-42cc99e elementor-widget elementor-widget-heading\" data-id=\"42cc99e\" data-element_type=\"widget\" data-widget_type=\"heading.default\">\n\t\t\t\t<div class=\"elementor-widget-container\">\n\t\t\t<h2 class=\"elementor-heading-title elementor-size-default\">Jak zadbamy o bezpiecze\u0144stwo IT w Twojej firmie?<\/h2>\t\t<\/div>\n\t\t\t\t<\/div>\n\t\t\t\t<div class=\"elementor-element elementor-element-a22e9b5 elementor-widget__width-inherit elementor-widget elementor-widget-text-editor\" data-id=\"a22e9b5\" data-element_type=\"widget\" data-widget_type=\"text-editor.default\">\n\t\t\t\t<div class=\"elementor-widget-container\">\n\t\t\t\t\t\t\t<p>Przeprowadzimy\u00a0<strong>audyt cyberbezpiecze\u0144stwa<\/strong>, kt\u00f3ry obejmuje zar\u00f3wno sprz\u0119t, oprogramowanie jak i procedury wewn\u0119trzne<\/p><p>Istotn\u0105 cz\u0119\u015bci\u0105 naszej pracy jest\u00a0<strong>zapobieganie<\/strong>\u00a0gro\u017anym dla firmy naruszeniom bezpiecze\u0144stwa wynikaj\u0105cym z nie\u015bwiadomych dzia\u0142a\u0144 pracownik\u00f3w. Cyberprzest\u0119pcy s\u0105 coraz bardziej przebiegli i wyrafinowani &#8211; <strong style=\"font-style: inherit; color: var(--ast-global-color-3); background-color: var(--ast-global-color-4);\">dlatego dbamy o \u015bwiadomo\u015b\u0107 potencjalnych zagro\u017ce\u0144 szkol\u0105c pracownik\u00f3w firmy<\/strong><span style=\"font-style: inherit; font-weight: inherit; color: var(--ast-global-color-3); background-color: var(--ast-global-color-4);\">.<br \/><\/span>Dobrze izolowana i zabezpieczona infrastruktura IT oraz na bie\u017c\u0105co szkolony personel s\u0105 w stanie sprosta\u0107 wielu niebezpiecze\u0144stwom.<\/p><p><span style=\"font-style: inherit; font-weight: inherit; background-color: var(--ast-global-color-4); color: var(--ast-global-color-3);\">W razie skutecznego ataku\u00a0<\/span><strong style=\"font-style: inherit; background-color: var(--ast-global-color-4); color: var(--ast-global-color-3);\">jeste\u015bmy w stanie bardzo szybko przywr\u00f3ci\u0107 do pracy zablokowane urz\u0105dzenia\u00a0<\/strong><span style=\"font-style: inherit; font-weight: inherit; background-color: var(--ast-global-color-4); color: var(--ast-global-color-3);\">oraz\u00a0<\/span><strong style=\"font-style: inherit; background-color: var(--ast-global-color-4); color: var(--ast-global-color-3);\">odzyska\u0107 utracone dane.<\/strong><\/p>\t\t\t\t\t\t<\/div>\n\t\t\t\t<\/div>\n\t\t\t\t\t<\/div>\n\t\t<\/div>\n\t\t\t\t\t\t\t<\/div>\n\t\t<\/section>\n\t\t\t\t<section class=\"elementor-section elementor-top-section elementor-element elementor-element-b5bb5db elementor-section-boxed elementor-section-height-default elementor-section-height-default\" data-id=\"b5bb5db\" data-element_type=\"section\" data-settings=\"{&quot;background_background&quot;:&quot;classic&quot;}\">\n\t\t\t\t\t\t<div class=\"elementor-container elementor-column-gap-default\">\n\t\t\t\t\t<div class=\"elementor-column elementor-col-100 elementor-top-column elementor-element elementor-element-723abb3\" data-id=\"723abb3\" data-element_type=\"column\">\n\t\t\t<div class=\"elementor-widget-wrap elementor-element-populated\">\n\t\t\t\t\t\t\t\t<div class=\"elementor-element elementor-element-b69e38e elementor-widget elementor-widget-heading\" data-id=\"b69e38e\" data-element_type=\"widget\" data-widget_type=\"heading.default\">\n\t\t\t\t<div class=\"elementor-widget-container\">\n\t\t\t<h2 class=\"elementor-heading-title elementor-size-default\">Zadbaj o bezpiecze\u0144stwo Twojej firmy uprzedzaj\u0105c ataki przest\u0119pc\u00f3w<\/h2>\t\t<\/div>\n\t\t\t\t<\/div>\n\t\t\t\t<section class=\"elementor-section elementor-inner-section elementor-element elementor-element-e2b4da4 elementor-section-content-top elementor-section-boxed elementor-section-height-default elementor-section-height-default\" data-id=\"e2b4da4\" data-element_type=\"section\">\n\t\t\t\t\t\t<div class=\"elementor-container elementor-column-gap-extended\">\n\t\t\t\t\t<div class=\"elementor-column elementor-col-50 elementor-inner-column elementor-element elementor-element-e19b356\" data-id=\"e19b356\" data-element_type=\"column\">\n\t\t\t<div class=\"elementor-widget-wrap elementor-element-populated\">\n\t\t\t\t\t\t\t\t<div class=\"elementor-element elementor-element-04bfaa8 elementor-widget elementor-widget-text-editor\" data-id=\"04bfaa8\" data-element_type=\"widget\" data-widget_type=\"text-editor.default\">\n\t\t\t\t<div class=\"elementor-widget-container\">\n\t\t\t\t\t\t\t<p>Zostaw kontakt w formularzu a sprawdzimy procedury i poziom cyberbezpiecze\u0144stwa w Twojej firmie.<\/p><p>Zasugerujemy rozwi\u0105zania, kt\u00f3re pomog\u0142y naszym klientom.<\/p><p>Poprawiamy cybersecurity poprzez zapory sprz\u0119towe, softwareowe oraz szkolenia.<\/p><p>W sytuacji zagro\u017cenia pomagamy odzyska\u0107 kontrol\u0119 nad systemami oraz utracone dane.<\/p>\t\t\t\t\t\t<\/div>\n\t\t\t\t<\/div>\n\t\t\t\t\t<\/div>\n\t\t<\/div>\n\t\t\t\t<div class=\"elementor-column elementor-col-50 elementor-inner-column elementor-element elementor-element-8fd114c\" data-id=\"8fd114c\" data-element_type=\"column\">\n\t\t\t<div class=\"elementor-widget-wrap elementor-element-populated\">\n\t\t\t\t\t\t\t\t<div class=\"elementor-element elementor-element-06fee8e eael-contact-form-7-button-full-width elementor-widget elementor-widget-eael-contact-form-7\" data-id=\"06fee8e\" data-element_type=\"widget\" data-widget_type=\"eael-contact-form-7.default\">\n\t\t\t\t<div class=\"elementor-widget-container\">\n\t\t\t<div class=\"eael-contact-form-7-wrapper\">\n                <div class=\"eael-contact-form eael-contact-form-7 eael-contact-form-06fee8e placeholder-show eael-contact-form-align-center\">\n<div class=\"wpcf7 no-js\" id=\"wpcf7-f579-o1\" lang=\"pl-PL\" dir=\"ltr\">\n<div class=\"screen-reader-response\"><p role=\"status\" aria-live=\"polite\" aria-atomic=\"true\"><\/p> <ul><\/ul><\/div>\n<form action=\"\/index.php\/wp-json\/wp\/v2\/pages\/432#wpcf7-f579-o1\" method=\"post\" class=\"wpcf7-form init\" aria-label=\"Formularz kontaktowy\" novalidate=\"novalidate\" data-status=\"init\">\n<div style=\"display: none;\">\n<input type=\"hidden\" name=\"_wpcf7\" value=\"579\" \/>\n<input type=\"hidden\" name=\"_wpcf7_version\" value=\"5.7.4\" \/>\n<input type=\"hidden\" name=\"_wpcf7_locale\" value=\"pl_PL\" \/>\n<input type=\"hidden\" name=\"_wpcf7_unit_tag\" value=\"wpcf7-f579-o1\" \/>\n<input type=\"hidden\" name=\"_wpcf7_container_post\" value=\"0\" \/>\n<input type=\"hidden\" name=\"_wpcf7_posted_data_hash\" value=\"\" \/>\n<\/div>\n<p><label> Imi\u0119<br \/>\n<span class=\"wpcf7-form-control-wrap\" data-name=\"your-name\"><input size=\"40\" class=\"wpcf7-form-control wpcf7-text wpcf7-validates-as-required\" aria-required=\"true\" aria-invalid=\"false\" value=\"\" type=\"text\" name=\"your-name\" \/><\/span> <\/label>\n<\/p>\n<p><label> Adres e-mail<br \/>\n<span class=\"wpcf7-form-control-wrap\" data-name=\"your-email\"><input size=\"40\" class=\"wpcf7-form-control wpcf7-text wpcf7-email wpcf7-validates-as-required wpcf7-validates-as-email\" aria-required=\"true\" aria-invalid=\"false\" value=\"\" type=\"email\" name=\"your-email\" \/><\/span> <\/label>\n<\/p>\n<p><label> Telefon<br \/>\n<span class=\"wpcf7-form-control-wrap\" data-name=\"tel-162\"><input size=\"40\" class=\"wpcf7-form-control wpcf7-text wpcf7-tel wpcf7-validates-as-tel\" aria-invalid=\"false\" value=\"\" type=\"tel\" name=\"tel-162\" \/><\/span> <\/label>\n<\/p>\n<p><label> Twoja wiadomo\u015b\u0107<br \/>\n<span class=\"wpcf7-form-control-wrap\" data-name=\"your-message\"><textarea cols=\"40\" rows=\"10\" class=\"wpcf7-form-control wpcf7-textarea wpcf7-validates-as-required\" aria-required=\"true\" aria-invalid=\"false\" name=\"your-message\"><\/textarea><\/span> <\/label><br \/>\n<div class=\"wpcf7-response-output\" aria-hidden=\"true\"><\/div><br \/>\n<input class=\"wpcf7-form-control has-spinner wpcf7-submit\" type=\"submit\" value=\"Wy\u015blij\" \/>\n<\/p>\n<\/form>\n<\/div>\n<\/div>\n            <\/div>\t\t<\/div>\n\t\t\t\t<\/div>\n\t\t\t\t\t<\/div>\n\t\t<\/div>\n\t\t\t\t\t\t\t<\/div>\n\t\t<\/section>\n\t\t\t\t\t<\/div>\n\t\t<\/div>\n\t\t\t\t\t\t\t<\/div>\n\t\t<\/section>\n\t\t\t\t<section class=\"elementor-section elementor-top-section elementor-element elementor-element-45e988c elementor-section-boxed elementor-section-height-default elementor-section-height-default\" data-id=\"45e988c\" data-element_type=\"section\" data-settings=\"{&quot;background_background&quot;:&quot;classic&quot;}\">\n\t\t\t\t\t\t\t<div class=\"elementor-background-overlay\"><\/div>\n\t\t\t\t\t\t\t<div class=\"elementor-container elementor-column-gap-default\">\n\t\t\t\t\t<div class=\"elementor-column elementor-col-100 elementor-top-column elementor-element elementor-element-9edd96d\" data-id=\"9edd96d\" data-element_type=\"column\">\n\t\t\t<div class=\"elementor-widget-wrap elementor-element-populated\">\n\t\t\t\t\t\t\t\t<section class=\"elementor-section elementor-inner-section elementor-element elementor-element-4d38d0f elementor-section-boxed elementor-section-height-default elementor-section-height-default\" data-id=\"4d38d0f\" data-element_type=\"section\">\n\t\t\t\t\t\t<div class=\"elementor-container elementor-column-gap-default\">\n\t\t\t\t\t<div class=\"elementor-column elementor-col-100 elementor-inner-column elementor-element elementor-element-ddcbaae\" data-id=\"ddcbaae\" data-element_type=\"column\">\n\t\t\t<div class=\"elementor-widget-wrap elementor-element-populated\">\n\t\t\t\t\t\t\t\t<div class=\"elementor-element elementor-element-d21c04b elementor-widget elementor-widget-heading\" data-id=\"d21c04b\" data-element_type=\"widget\" data-widget_type=\"heading.default\">\n\t\t\t\t<div class=\"elementor-widget-container\">\n\t\t\t<h3 class=\"elementor-heading-title elementor-size-default\">Potrzebujesz wi\u0119cej informacji? <br>Zaplanuj niezobowi\u0105zuj\u0105c\u0105 rozmow\u0119 z naszym specjalist\u0105.<\/h3>\t\t<\/div>\n\t\t\t\t<\/div>\n\t\t\t\t<div class=\"elementor-element elementor-element-ee42541 elementor-widget elementor-widget-image\" data-id=\"ee42541\" data-element_type=\"widget\" data-widget_type=\"image.default\">\n\t\t\t\t<div class=\"elementor-widget-container\">\n\t\t\t\t\t\t\t\t\t\t\t\t\t\t\t<img loading=\"lazy\" decoding=\"async\" width=\"768\" height=\"572\" src=\"https:\/\/informatycydouslug.pl\/wp-content\/uploads\/2022\/05\/kontakt-768x572.png\" class=\"attachment-medium_large size-medium_large wp-image-3312\" alt=\"\" srcset=\"https:\/\/informatycydouslug.pl\/wp-content\/uploads\/2022\/05\/kontakt-768x572.png 768w, https:\/\/informatycydouslug.pl\/wp-content\/uploads\/2022\/05\/kontakt-300x223.png 300w, https:\/\/informatycydouslug.pl\/wp-content\/uploads\/2022\/05\/kontakt-1024x763.png 1024w, https:\/\/informatycydouslug.pl\/wp-content\/uploads\/2022\/05\/kontakt-1536x1144.png 1536w, https:\/\/informatycydouslug.pl\/wp-content\/uploads\/2022\/05\/kontakt.png 1599w\" sizes=\"auto, (max-width: 768px) 100vw, 768px\" \/>\t\t\t\t\t\t\t\t\t\t\t\t\t\t\t<\/div>\n\t\t\t\t<\/div>\n\t\t\t\t<div class=\"elementor-element elementor-element-e70c490 elementor-widget elementor-widget-eael-cta-box\" data-id=\"e70c490\" data-element_type=\"widget\" data-widget_type=\"eael-cta-box.default\">\n\t\t\t\t<div class=\"elementor-widget-container\">\n\t\t\t\t\t\t\t<div class=\"eael-call-to-action cta-icon-flex bg-lite cta-preset-1\">\n\t    <div class=\"icon\">\n\t\t\t\t\t\t\t\t\t\t\t\t<i class=\"fas fa-hands-helping\"><\/i>\n\t\t\t\t\t\t\t\t    <\/div>\n\t    <div class=\"content\">\n            <h4 class=\"sub-title\">Skontaktuj si\u0119 z nami<\/h4><h2 class=\"title\">Ch\u0119tnie pomo\u017cemy<\/h2><p><p class=\"vc_custom_heading vc_custom_1645440200045\">Zadaj nam dowolne pytanie dotycz\u0105ce cyberbezpiecze\u0144stwa w Twojej firmie.<\/p><p class=\"vc_custom_heading vc_custom_1645440200045\">Kliknij w przycisk poni\u017cej.<\/p><\/p>\t    <\/div>\n\t    <div class=\"action\">\n            <a href=\"mailto:kontakt@intelion.pl\" class=\"cta-button  \">      ....Wy\u015blij pytanie....<\/a>\t    <\/div>\n\t<\/div>\n\t\t\t\t<\/div>\n\t\t\t\t<\/div>\n\t\t\t\t\t<\/div>\n\t\t<\/div>\n\t\t\t\t\t\t\t<\/div>\n\t\t<\/section>\n\t\t\t\t\t<\/div>\n\t\t<\/div>\n\t\t\t\t\t\t\t<\/div>\n\t\t<\/section>\n\t\t\t\t\t\t\t<\/div>\n\t\t","protected":false},"excerpt":{"rendered":"<p>Bezpiecze\u0144stwo IT Wdra\u017camy, monitorujemy i skutecznie chronimy kluczowe dane firmy oraz pracownik\u00f3w Jak zadbamy o bezpiecze\u0144stwo IT w Twojej firmie? Przeprowadzimy\u00a0audyt cyberbezpiecze\u0144stwa, kt\u00f3ry obejmuje zar\u00f3wno sprz\u0119t, oprogramowanie jak i procedury wewn\u0119trzne Istotn\u0105 cz\u0119\u015bci\u0105 naszej pracy jest\u00a0zapobieganie\u00a0gro\u017anym dla firmy naruszeniom bezpiecze\u0144stwa wynikaj\u0105cym z nie\u015bwiadomych dzia\u0142a\u0144 pracownik\u00f3w. Cyberprzest\u0119pcy s\u0105 coraz bardziej przebiegli i wyrafinowani &#8211; dlatego dbamy &hellip;<\/p>\n<p class=\"read-more\"> <a class=\"\" href=\"https:\/\/informatycydouslug.pl\/index.php\/cybersecurity\/\"> <span class=\"screen-reader-text\">Bezpiecze\u0144stwo IT<\/span> Read More &raquo;<\/a><\/p>\n","protected":false},"author":1,"featured_media":0,"parent":0,"menu_order":0,"comment_status":"closed","ping_status":"closed","template":"","meta":{"site-sidebar-layout":"no-sidebar","site-content-layout":"page-builder","ast-global-header-display":"","ast-main-header-display":"","ast-hfb-above-header-display":"","ast-hfb-below-header-display":"","ast-hfb-mobile-header-display":"","site-post-title":"disabled","ast-breadcrumbs-content":"","ast-featured-img":"disabled","footer-sml-layout":"","theme-transparent-header-meta":"enabled","adv-header-id-meta":"","stick-header-meta":"","header-above-stick-meta":"","header-main-stick-meta":"","header-below-stick-meta":"","footnotes":""},"class_list":["post-432","page","type-page","status-publish","hentry"],"_links":{"self":[{"href":"https:\/\/informatycydouslug.pl\/index.php\/wp-json\/wp\/v2\/pages\/432","targetHints":{"allow":["GET"]}}],"collection":[{"href":"https:\/\/informatycydouslug.pl\/index.php\/wp-json\/wp\/v2\/pages"}],"about":[{"href":"https:\/\/informatycydouslug.pl\/index.php\/wp-json\/wp\/v2\/types\/page"}],"author":[{"embeddable":true,"href":"https:\/\/informatycydouslug.pl\/index.php\/wp-json\/wp\/v2\/users\/1"}],"replies":[{"embeddable":true,"href":"https:\/\/informatycydouslug.pl\/index.php\/wp-json\/wp\/v2\/comments?post=432"}],"version-history":[{"count":180,"href":"https:\/\/informatycydouslug.pl\/index.php\/wp-json\/wp\/v2\/pages\/432\/revisions"}],"predecessor-version":[{"id":3411,"href":"https:\/\/informatycydouslug.pl\/index.php\/wp-json\/wp\/v2\/pages\/432\/revisions\/3411"}],"wp:attachment":[{"href":"https:\/\/informatycydouslug.pl\/index.php\/wp-json\/wp\/v2\/media?parent=432"}],"curies":[{"name":"wp","href":"https:\/\/api.w.org\/{rel}","templated":true}]}}