{"id":703,"date":"2022-05-18T23:51:14","date_gmt":"2022-05-18T21:51:14","guid":{"rendered":"https:\/\/informatycydouslug.pl\/?page_id=703"},"modified":"2023-05-10T14:58:20","modified_gmt":"2023-05-10T12:58:20","slug":"kontakt","status":"publish","type":"page","link":"https:\/\/informatycydouslug.pl\/index.php\/kontakt\/","title":{"rendered":"Kontakt"},"content":{"rendered":"\t\t<div data-elementor-type=\"wp-page\" data-elementor-id=\"703\" class=\"elementor elementor-703\">\n\t\t\t\t\t\t\t\t\t<section class=\"elementor-section elementor-top-section elementor-element elementor-element-995c984 elementor-section-boxed elementor-section-height-default elementor-section-height-default\" data-id=\"995c984\" data-element_type=\"section\" data-settings=\"{&quot;background_background&quot;:&quot;classic&quot;}\">\n\t\t\t\t\t\t\t<div class=\"elementor-background-overlay\"><\/div>\n\t\t\t\t\t\t\t<div class=\"elementor-container elementor-column-gap-default\">\n\t\t\t\t\t<div class=\"elementor-column elementor-col-100 elementor-top-column elementor-element elementor-element-d17080a\" data-id=\"d17080a\" data-element_type=\"column\">\n\t\t\t<div class=\"elementor-widget-wrap elementor-element-populated\">\n\t\t\t\t\t\t\t\t<section class=\"elementor-section elementor-inner-section elementor-element elementor-element-99fdc49 elementor-section-boxed elementor-section-height-default elementor-section-height-default\" data-id=\"99fdc49\" data-element_type=\"section\">\n\t\t\t\t\t\t<div class=\"elementor-container elementor-column-gap-default\">\n\t\t\t\t\t<div class=\"elementor-column elementor-col-50 elementor-inner-column elementor-element elementor-element-5ffe3dc\" data-id=\"5ffe3dc\" data-element_type=\"column\">\n\t\t\t<div class=\"elementor-widget-wrap elementor-element-populated\">\n\t\t\t\t\t\t\t\t<div class=\"elementor-element elementor-element-696a2e1 elementor-widget elementor-widget-heading\" data-id=\"696a2e1\" data-element_type=\"widget\" data-widget_type=\"heading.default\">\n\t\t\t\t<div class=\"elementor-widget-container\">\n\t\t\t<style>\/*! elementor - v3.11.1 - 15-02-2023 *\/\n.elementor-heading-title{padding:0;margin:0;line-height:1}.elementor-widget-heading .elementor-heading-title[class*=elementor-size-]>a{color:inherit;font-size:inherit;line-height:inherit}.elementor-widget-heading .elementor-heading-title.elementor-size-small{font-size:15px}.elementor-widget-heading .elementor-heading-title.elementor-size-medium{font-size:19px}.elementor-widget-heading .elementor-heading-title.elementor-size-large{font-size:29px}.elementor-widget-heading .elementor-heading-title.elementor-size-xl{font-size:39px}.elementor-widget-heading .elementor-heading-title.elementor-size-xxl{font-size:59px}<\/style><h2 class=\"elementor-heading-title elementor-size-default\">Zapraszamy do kontaktu<\/h2>\t\t<\/div>\n\t\t\t\t<\/div>\n\t\t\t\t\t<\/div>\n\t\t<\/div>\n\t\t\t\t<div class=\"elementor-column elementor-col-50 elementor-inner-column elementor-element elementor-element-d45c351\" data-id=\"d45c351\" data-element_type=\"column\">\n\t\t\t<div class=\"elementor-widget-wrap elementor-element-populated\">\n\t\t\t\t\t\t\t\t<div class=\"elementor-element elementor-element-b007a18 elementor-widget elementor-widget-image\" data-id=\"b007a18\" data-element_type=\"widget\" data-widget_type=\"image.default\">\n\t\t\t\t<div class=\"elementor-widget-container\">\n\t\t\t<style>\/*! elementor - v3.11.1 - 15-02-2023 *\/\n.elementor-widget-image{text-align:center}.elementor-widget-image a{display:inline-block}.elementor-widget-image a img[src$=\".svg\"]{width:48px}.elementor-widget-image img{vertical-align:middle;display:inline-block}<\/style>\t\t\t\t\t\t\t\t\t\t\t\t<img loading=\"lazy\" decoding=\"async\" width=\"1108\" height=\"869\" src=\"https:\/\/informatycydouslug.pl\/wp-content\/uploads\/2022\/05\/MD_1-cien-1.png\" class=\"attachment-full size-full wp-image-3086\" alt=\"\" srcset=\"https:\/\/informatycydouslug.pl\/wp-content\/uploads\/2022\/05\/MD_1-cien-1.png 1108w, https:\/\/informatycydouslug.pl\/wp-content\/uploads\/2022\/05\/MD_1-cien-1-300x235.png 300w, https:\/\/informatycydouslug.pl\/wp-content\/uploads\/2022\/05\/MD_1-cien-1-1024x803.png 1024w, https:\/\/informatycydouslug.pl\/wp-content\/uploads\/2022\/05\/MD_1-cien-1-768x602.png 768w\" sizes=\"auto, (max-width: 1108px) 100vw, 1108px\" \/>\t\t\t\t\t\t\t\t\t\t\t\t\t\t\t<\/div>\n\t\t\t\t<\/div>\n\t\t\t\t\t<\/div>\n\t\t<\/div>\n\t\t\t\t\t\t\t<\/div>\n\t\t<\/section>\n\t\t\t\t\t<\/div>\n\t\t<\/div>\n\t\t\t\t\t\t\t<\/div>\n\t\t<\/section>\n\t\t\t\t<section class=\"elementor-section elementor-top-section elementor-element elementor-element-9aca083 elementor-section-boxed elementor-section-height-default elementor-section-height-default\" data-id=\"9aca083\" data-element_type=\"section\" data-settings=\"{&quot;background_background&quot;:&quot;classic&quot;}\">\n\t\t\t\t\t\t<div class=\"elementor-container elementor-column-gap-default\">\n\t\t\t\t\t<div class=\"elementor-column elementor-col-33 elementor-top-column elementor-element elementor-element-1828fcd\" data-id=\"1828fcd\" data-element_type=\"column\">\n\t\t\t<div class=\"elementor-widget-wrap elementor-element-populated\">\n\t\t\t\t\t\t\t\t<div class=\"elementor-element elementor-element-5a1b2c1 eael-infobox-icon-bg-shape-radius eael-infobox-content-align-center eael-infobox-icon-hover-bg-shape-none elementor-widget elementor-widget-eael-info-box\" data-id=\"5a1b2c1\" data-element_type=\"widget\" data-widget_type=\"eael-info-box.default\">\n\t\t\t\t<div class=\"elementor-widget-container\">\n\t\t\t                    <div class=\"eael-infobox\">\n                    <div class=\"infobox-icon elementor-animation-grow eael-icon-only\">\n\n            \n                            <div class=\"infobox-icon-wrap\">\n                    <i class=\"fas fa-wifi\"><\/i>                <\/div>\n            \n            \n        <\/div>\n            <div class=\"infobox-content eael-icon-only\">\n                            <h3 class=\"title\">POMOC ZDALNA<\/h3>\n                                                                        <p>Kliknij w link poni\u017cej i pobierz:\n\n<a href=\"https:\/\/intelion.pl\/wp-content\/uploads\/Pomoc.exe\"><img loading=\"lazy\" decoding=\"async\" class=\"size-full wp-image-871 aligncenter\" src=\"https:\/\/intelion.pl\/wp-content\/uploads\/2022\/01\/TeamViewer_logo.png\" alt=\"\" width=\"150\" height=\"34\" \/><\/a>\n\nPo zako\u0144czeniu pobierania uruchom program.<\/p>\n                                                                            <\/div>\n    <\/div>\t\t<\/div>\n\t\t\t\t<\/div>\n\t\t\t\t\t<\/div>\n\t\t<\/div>\n\t\t\t\t<div class=\"elementor-column elementor-col-33 elementor-top-column elementor-element elementor-element-f67175a\" data-id=\"f67175a\" data-element_type=\"column\">\n\t\t\t<div class=\"elementor-widget-wrap elementor-element-populated\">\n\t\t\t\t\t\t\t\t<div class=\"elementor-element elementor-element-75a8484 eael-infobox-icon-bg-shape-radius eael-infobox-icon-hover-bg-shape-radius eael-infobox-content-align-center elementor-widget elementor-widget-eael-info-box\" data-id=\"75a8484\" data-element_type=\"widget\" data-widget_type=\"eael-info-box.default\">\n\t\t\t\t<div class=\"elementor-widget-container\">\n\t\t\t                    <div class=\"eael-infobox\">\n                    <div class=\"infobox-icon elementor-animation-grow eael-icon-only\">\n\n            \n                            <div class=\"infobox-icon-wrap\">\n                    <i class=\"fas fa-phone\"><\/i>                <\/div>\n            \n            \n        <\/div>\n            <div class=\"infobox-content eael-icon-only\">\n                            <h3 class=\"title\">POMOC TELEFONICZNA<\/h3>\n                                                                        <p><p>Zadzwo\u0144 pod numer<br \/>33 814 05 38<\/p><p>Dok\u0142adnie opisz objawy problemu<\/p><\/p>\n                                                                            <\/div>\n    <\/div>\t\t<\/div>\n\t\t\t\t<\/div>\n\t\t\t\t\t<\/div>\n\t\t<\/div>\n\t\t\t\t<div class=\"elementor-column elementor-col-33 elementor-top-column elementor-element elementor-element-c4f4702\" data-id=\"c4f4702\" data-element_type=\"column\">\n\t\t\t<div class=\"elementor-widget-wrap elementor-element-populated\">\n\t\t\t\t\t\t\t\t<div class=\"elementor-element elementor-element-4c91d62 eael-infobox-icon-bg-shape-radius eael-infobox-content-align-center eael-infobox-icon-hover-bg-shape-none elementor-widget elementor-widget-eael-info-box\" data-id=\"4c91d62\" data-element_type=\"widget\" data-widget_type=\"eael-info-box.default\">\n\t\t\t\t<div class=\"elementor-widget-container\">\n\t\t\t                    <div class=\"eael-infobox\">\n                    <div class=\"infobox-icon eael-icon-only\">\n\n            \n                            <div class=\"infobox-icon-wrap\">\n                    <i class=\"fas fa-user-check\"><\/i>                <\/div>\n            \n            \n        <\/div>\n            <div class=\"infobox-content eael-icon-only\">\n                            <h3 class=\"title\">POMOC NA MIEJSCU<\/h3>\n                                                                        <p><p>Je\u015bli pomoc zdalna nie b\u0119dzie mo\u017cliwa przeprowadzimy napraw\u0119 na miejscu.<\/p><p>\u00a0<\/p><\/p>\n                                                                            <\/div>\n    <\/div>\t\t<\/div>\n\t\t\t\t<\/div>\n\t\t\t\t\t<\/div>\n\t\t<\/div>\n\t\t\t\t\t\t\t<\/div>\n\t\t<\/section>\n\t\t\t\t<section class=\"elementor-section elementor-top-section elementor-element elementor-element-bb53b54 elementor-section-boxed elementor-section-height-default elementor-section-height-default\" data-id=\"bb53b54\" data-element_type=\"section\">\n\t\t\t\t\t\t<div class=\"elementor-container elementor-column-gap-default\">\n\t\t\t\t\t<div class=\"elementor-column elementor-col-100 elementor-top-column elementor-element elementor-element-48413f9\" data-id=\"48413f9\" data-element_type=\"column\">\n\t\t\t<div class=\"elementor-widget-wrap elementor-element-populated\">\n\t\t\t\t\t\t\t\t<div class=\"elementor-element elementor-element-925066c elementor-widget elementor-widget-image\" data-id=\"925066c\" data-element_type=\"widget\" data-widget_type=\"image.default\">\n\t\t\t\t<div class=\"elementor-widget-container\">\n\t\t\t\t\t\t\t\t\t\t\t\t\t\t\t<img loading=\"lazy\" decoding=\"async\" width=\"768\" height=\"508\" src=\"https:\/\/informatycydouslug.pl\/wp-content\/uploads\/2022\/05\/kontakt-1-768x508.png\" class=\"attachment-medium_large size-medium_large wp-image-3366\" alt=\"\" srcset=\"https:\/\/informatycydouslug.pl\/wp-content\/uploads\/2022\/05\/kontakt-1-768x508.png 768w, https:\/\/informatycydouslug.pl\/wp-content\/uploads\/2022\/05\/kontakt-1-300x199.png 300w, https:\/\/informatycydouslug.pl\/wp-content\/uploads\/2022\/05\/kontakt-1-1024x678.png 1024w, https:\/\/informatycydouslug.pl\/wp-content\/uploads\/2022\/05\/kontakt-1-1536x1016.png 1536w, https:\/\/informatycydouslug.pl\/wp-content\/uploads\/2022\/05\/kontakt-1.png 1898w\" sizes=\"auto, (max-width: 768px) 100vw, 768px\" \/>\t\t\t\t\t\t\t\t\t\t\t\t\t\t\t<\/div>\n\t\t\t\t<\/div>\n\t\t\t\t\t<\/div>\n\t\t<\/div>\n\t\t\t\t\t\t\t<\/div>\n\t\t<\/section>\n\t\t\t\t<section class=\"elementor-section elementor-top-section elementor-element elementor-element-1a8b517 elementor-section-boxed elementor-section-height-default elementor-section-height-default\" data-id=\"1a8b517\" data-element_type=\"section\" data-settings=\"{&quot;background_background&quot;:&quot;classic&quot;}\">\n\t\t\t\t\t\t<div class=\"elementor-container elementor-column-gap-default\">\n\t\t\t\t\t<div class=\"elementor-column elementor-col-100 elementor-top-column elementor-element elementor-element-cdd212c\" data-id=\"cdd212c\" data-element_type=\"column\">\n\t\t\t<div class=\"elementor-widget-wrap elementor-element-populated\">\n\t\t\t\t\t\t\t\t<div class=\"elementor-element elementor-element-061eee2 eael-infobox-icon-bg-shape-radius eael-infobox-content-align-center eael-infobox-icon-hover-bg-shape-none elementor-widget elementor-widget-eael-info-box\" data-id=\"061eee2\" data-element_type=\"widget\" data-widget_type=\"eael-info-box.default\">\n\t\t\t\t<div class=\"elementor-widget-container\">\n\t\t\t                    <div class=\"eael-infobox\">\n                    <div class=\"infobox-icon elementor-animation-grow eael-icon-only\">\n\n            \n                            <div class=\"infobox-icon-wrap\">\n                    <i class=\"\"><\/i>                <\/div>\n            \n            \n        <\/div>\n            <div class=\"infobox-content eael-icon-only\">\n                            <h1 class=\"title\">WY\u015aLIJ ZG\u0141OSZENIE<\/h1>\n                                                                        <p><p>Wy\u015blij zg\u0142oszenie na nasz system helpdesk.<\/p><p>Dok\u0142adnie opisz objawy problemu<\/p><p>B\u0119dziesz na bie\u017c\u0105co informowany\/a o zmianach statusu Twojego zg\u0142oszenia.<\/p><\/p>\n                                                                            <\/div>\n    <\/div>\t\t<\/div>\n\t\t\t\t<\/div>\n\t\t\t\t\t<\/div>\n\t\t<\/div>\n\t\t\t\t\t\t\t<\/div>\n\t\t<\/section>\n\t\t\t\t<section class=\"elementor-section elementor-top-section elementor-element elementor-element-9cbb07a elementor-section-boxed elementor-section-height-default elementor-section-height-default\" data-id=\"9cbb07a\" data-element_type=\"section\">\n\t\t\t\t\t\t<div class=\"elementor-container elementor-column-gap-default\">\n\t\t\t\t\t<div class=\"elementor-column elementor-col-100 elementor-top-column elementor-element elementor-element-2faf941\" data-id=\"2faf941\" data-element_type=\"column\">\n\t\t\t<div class=\"elementor-widget-wrap elementor-element-populated\">\n\t\t\t\t\t\t\t\t<div class=\"elementor-element elementor-element-427695e elementor-widget elementor-widget-google_maps\" data-id=\"427695e\" data-element_type=\"widget\" data-widget_type=\"google_maps.default\">\n\t\t\t\t<div class=\"elementor-widget-container\">\n\t\t\t<style>\/*! elementor - v3.11.1 - 15-02-2023 *\/\n.elementor-widget-google_maps .elementor-widget-container{overflow:hidden}.elementor-widget-google_maps .elementor-custom-embed{line-height:0}.elementor-widget-google_maps iframe{height:300px}<\/style>\t\t<div class=\"elementor-custom-embed\">\n\t\t\t<iframe loading=\"lazy\"\n\t\t\t\t\tsrc=\"https:\/\/maps.google.com\/maps?q=intelion&#038;t=m&#038;z=13&#038;output=embed&#038;iwloc=near\"\n\t\t\t\t\ttitle=\"intelion\"\n\t\t\t\t\taria-label=\"intelion\"\n\t\t\t><\/iframe>\n\t\t<\/div>\n\t\t\t\t<\/div>\n\t\t\t\t<\/div>\n\t\t\t\t\t<\/div>\n\t\t<\/div>\n\t\t\t\t\t\t\t<\/div>\n\t\t<\/section>\n\t\t\t\t\t\t\t<\/div>\n\t\t","protected":false},"excerpt":{"rendered":"<p>Zapraszamy do kontaktu POMOC ZDALNA Kliknij w link poni\u017cej i pobierz: Po zako\u0144czeniu pobierania uruchom program. POMOC TELEFONICZNA Zadzwo\u0144 pod numer 33 814 05 38 Dok\u0142adnie opisz objawy problemu POMOC NA MIEJSCU Je\u015bli pomoc zdalna nie b\u0119dzie mo\u017cliwa przeprowadzimy napraw\u0119 na miejscu. WY\u015aLIJ ZG\u0141OSZENIE Wy\u015blij zg\u0142oszenie na nasz system helpdesk. Dok\u0142adnie opisz objawy problemu B\u0119dziesz &hellip;<\/p>\n<p class=\"read-more\"> <a class=\"\" href=\"https:\/\/informatycydouslug.pl\/index.php\/kontakt\/\"> <span class=\"screen-reader-text\">Kontakt<\/span> Read More &raquo;<\/a><\/p>\n","protected":false},"author":1,"featured_media":0,"parent":0,"menu_order":0,"comment_status":"closed","ping_status":"closed","template":"","meta":{"site-sidebar-layout":"no-sidebar","site-content-layout":"page-builder","ast-global-header-display":"","ast-main-header-display":"","ast-hfb-above-header-display":"","ast-hfb-below-header-display":"","ast-hfb-mobile-header-display":"","site-post-title":"disabled","ast-breadcrumbs-content":"","ast-featured-img":"disabled","footer-sml-layout":"","theme-transparent-header-meta":"enabled","adv-header-id-meta":"","stick-header-meta":"","header-above-stick-meta":"","header-main-stick-meta":"","header-below-stick-meta":"","footnotes":""},"class_list":["post-703","page","type-page","status-publish","hentry"],"_links":{"self":[{"href":"https:\/\/informatycydouslug.pl\/index.php\/wp-json\/wp\/v2\/pages\/703","targetHints":{"allow":["GET"]}}],"collection":[{"href":"https:\/\/informatycydouslug.pl\/index.php\/wp-json\/wp\/v2\/pages"}],"about":[{"href":"https:\/\/informatycydouslug.pl\/index.php\/wp-json\/wp\/v2\/types\/page"}],"author":[{"embeddable":true,"href":"https:\/\/informatycydouslug.pl\/index.php\/wp-json\/wp\/v2\/users\/1"}],"replies":[{"embeddable":true,"href":"https:\/\/informatycydouslug.pl\/index.php\/wp-json\/wp\/v2\/comments?post=703"}],"version-history":[{"count":54,"href":"https:\/\/informatycydouslug.pl\/index.php\/wp-json\/wp\/v2\/pages\/703\/revisions"}],"predecessor-version":[{"id":3607,"href":"https:\/\/informatycydouslug.pl\/index.php\/wp-json\/wp\/v2\/pages\/703\/revisions\/3607"}],"wp:attachment":[{"href":"https:\/\/informatycydouslug.pl\/index.php\/wp-json\/wp\/v2\/media?parent=703"}],"curies":[{"name":"wp","href":"https:\/\/api.w.org\/{rel}","templated":true}]}}